{"id":591,"date":"2025-07-23T17:48:27","date_gmt":"2025-07-23T17:48:27","guid":{"rendered":"https:\/\/deisolbi.com\/about-me\/"},"modified":"2026-02-10T19:17:06","modified_gmt":"2026-02-10T19:17:06","slug":"bio","status":"publish","type":"page","link":"https:\/\/deisolbi.com\/esp\/bio\/","title":{"rendered":"Bio"},"content":{"rendered":"<div data-elementor-type=\"wp-post\" data-elementor-id=\"591\" class=\"elementor elementor-591\">\n\t\t\t\t<div class=\"elementor-element elementor-element-c6af418 e-con-full e-flex e-con e-parent\" data-id=\"c6af418\" data-element_type=\"container\" data-e-type=\"container\">\n\t\t<div class=\"elementor-element elementor-element-e13b26d e-con-full e-flex e-con e-child\" data-id=\"e13b26d\" data-element_type=\"container\" data-e-type=\"container\">\n\t\t\t\t<div class=\"elementor-element elementor-element-798df9d elementor-widget elementor-widget-text-editor\" data-id=\"798df9d\" data-element_type=\"widget\" data-e-type=\"widget\" data-widget_type=\"text-editor.default\">\n\t\t\t\t\t\t\t\t\t<h6><strong>ORCID:<\/strong> <a href=\"https:\/\/orcid.org\/0009-0007-6454-0961\">0009-0007-6454-0961<\/a><\/h6>\t\t\t\t\t\t\t\t<\/div>\n\t\t\t\t<div class=\"elementor-element elementor-element-94546d0 elementor-widget__width-initial elementor-widget elementor-widget-text-editor\" data-id=\"94546d0\" data-element_type=\"widget\" data-e-type=\"widget\" data-widget_type=\"text-editor.default\">\n\t\t\t\t\t\t\t\t\t<p style=\"text-align: justify;\">Transdisciplinary creator, researcher, and lecturer whose practice interweaves art, beekeeping, and the ecological humanities. She is currently a PhD candidate in Art: Production and Research at the Universitat Polit\u00e8cnica de Val\u00e8ncia, supported by the CONAHCYT grant. She holds a Master\u2019s degree in Artistic Creation from the Centro Morelense de las Artes and a Bachelor\u2019s degree in Art History. Her research-creation practice investigates interspecies relations between humans and bees, a connection deeply rooted in her personal history as the daughter of a beekeeper.<\/p><p style=\"text-align: justify;\">She has presented twelve solo exhibitions and has participated in numerous group shows in Mexico, the United States, and Spain. Her work has been recognized by PECDA 2025 and Sal\u00f3n ACME. Recent outcomes of her research-creation include publication in the British journal Seisma Magazine: Arts &amp; Science with the project Beehive Shared Home, and a presentation at the International Congress of Ecological Humanities at Universitat Pompeu Fabra in Barcelona. She is the author of Rehabitar la colmena (Universidad Iberoamericana Le\u00f3n), the academic essay COLMENA: [self]portrait (Facultad de Artes y Dise\u00f1o, Universidad Aut\u00f3noma de M\u00e9xico), and co-author of Interspecies Dialogues: Co-creating with Bees (ANIAV \u2013 Revista de Investigaci\u00f3n en Artes Visuales Universidad Polit\u00e9cnica de Valencia Espa\u00f1a).<\/p>\t\t\t\t\t\t\t\t<\/div>\n\t\t\t\t<\/div>\n\t\t<div class=\"elementor-element elementor-element-df0bd76 e-con-full e-flex e-con e-child\" data-id=\"df0bd76\" data-element_type=\"container\" data-e-type=\"container\">\n\t\t<div class=\"elementor-element elementor-element-034684f e-con-full e-flex e-con e-child\" data-id=\"034684f\" data-element_type=\"container\" data-e-type=\"container\">\n\t\t\t\t<div class=\"elementor-element elementor-element-7c7986c elementor-widget elementor-widget-text-editor\" data-id=\"7c7986c\" data-element_type=\"widget\" data-e-type=\"widget\" data-widget_type=\"text-editor.default\">\n\t\t\t\t\t\t\t\t\t<h5><span style=\"font-style: inherit; color: #000000;\">FORMACI\u00d3N ACAD\u00c9MICA<\/span><\/h5><div style=\"display: flex; flex-direction: column; gap: 5px;\"><div><span style=\"margin-right: 12px; display: inline-block; min-width: 140px;\"><b>2025-01 \u2013<\/b><\/span><\/div><div><ul><li>PhD in Art: Production and Research\u00a0\u00a0Universitat Polit\u00e8cnica de Val\u00e8ncia, Spain.\u00a0\/ CONAHCYT Grant. (National Council of Humanities, Science and Technology)<\/li><\/ul><\/div><div><span style=\"margin-right: 12px; display: inline-block; min-width: 140px;\"><b>2021-01 \u2013 2023-01<\/b><\/span><\/div><div><ul><li>Maestr\u00eda en Creaci\u00f3n Art\u00edstica \/ Menci\u00f3n honor\u00edfica, Centro Morelense de las Artes, Morelos, M\u00e9xico<\/li><\/ul><\/div><div><span style=\"margin-right: 12px; display: inline-block; min-width: 140px;\"><b>2016-08 \u2013 2020-12<\/b><\/span><\/div><div><ul><li>Licenciatura en Historia del Arte \/ Instituto Botticelli, Morelos, M\u00e9xico<\/li><\/ul><\/div><div><span style=\"margin-right: 12px; display: inline-block; min-width: 140px;\"><b>2001-08 \u2013 2004-08<\/b><\/span><\/div><div><ul><li>Associate Degree in Graphic Design \/ Corporate Communication Training College, Vancouver, Canad\u00e1<\/li><\/ul><\/div><\/div>\t\t\t\t\t\t\t\t<\/div>\n\t\t\t\t<div class=\"elementor-element elementor-element-99b744a elementor-widget elementor-widget-text-editor\" data-id=\"99b744a\" data-element_type=\"widget\" data-e-type=\"widget\" data-widget_type=\"text-editor.default\">\n\t\t\t\t\t\t\t\t\t<h5 style=\"text-align: justify;\">FORMACI\u00d3N CONTINUA<\/h5><p><b>2011-08 &#8211; 2014-08<\/b>\u00a0<\/p><ul><li>Taller de las aguas \/ Centro Morelense de las Artes (CMA)<\/li><li>Taller de pintura al \u00f3leo \/ Centro Morelense de las Artes (CMA)\u00a0<\/li><\/ul><p><b>2002-01 &#8211; 2004-01<\/b>\u00a0<\/p><ul><li>Taller Drawing for Design \/ Emily Carr Institute of Art &amp; Design Vancouver<\/li><li>Taller Colour and Composition \/ Emily Carr Institute of Art &amp; Design Vancouver<\/li><\/ul>\t\t\t\t\t\t\t\t<\/div>\n\t\t\t\t<div class=\"elementor-element elementor-element-df76e17 elementor-widget elementor-widget-text-editor\" data-id=\"df76e17\" data-element_type=\"widget\" data-e-type=\"widget\" data-widget_type=\"text-editor.default\">\n\t\t\t\t\t\t\t\t\t<h5>EXPERIENCIA LABORAL<\/h5><p><b>2024 &#8211;<\/b><\/p><ul><li>Docencia Centro Morelense de las Artes, Investigaci\u00f3n y producci\u00f3n creativa de obra propia.<\/li><\/ul><p><b>2019 &#8211; 2023<\/b><\/p><ul><li>Investigaci\u00f3n y producci\u00f3n creativa de obra propia.<\/li><\/ul><p><b>2012 &#8211; 2019<\/b><\/p><ul><li>Investigaci\u00f3n y producci\u00f3n creativa de obra propia Docencia en t\u00e9cnicas pict\u00f3ricas y procesos creativos.<\/li><\/ul><p><b>2010 &#8211; 2012<\/b><\/p><ul><li>Investigaci\u00f3n y Producci\u00f3n creativa de obra propia Dise\u00f1o y producci\u00f3n editorial, Revista Nueva Alianza.<\/li><\/ul><p><b>2004 &#8211; 2010<\/b>\u00a0<\/p><ul><li>Dise\u00f1o y producci\u00f3n en las artes gr\u00e1ficas, Gr\u00e1fica Villalba.<\/li><\/ul><p><b>2002 &#8211; 2004<\/b>\u00a0\u00a0<\/p><ul><li>Dise\u00f1o editorial, GSA Travel Magazine Vancouver, Canad\u00e1<\/li><\/ul>\t\t\t\t\t\t\t\t<\/div>\n\t\t\t\t<div class=\"elementor-element elementor-element-70a0d99 elementor-widget elementor-widget-text-editor\" data-id=\"70a0d99\" data-element_type=\"widget\" data-e-type=\"widget\" data-widget_type=\"text-editor.default\">\n\t\t\t\t\t\t\t\t\t<h5>EXPERIENCIA ACAD\u00c9MICA, BECAS Y APOYOS<\/h5><p><span style=\"font-weight: bold;\">2025\u00a0<\/span>&#8211;\u00a0<span style=\"font-style: inherit; font-weight: inherit; text-align: justify;\">Doctoral Scholarship for Graduate Studies Abroad, National Council of Science and Technology (CONAHCYT), Mexico. PhD in Art: Production and Research, Universitat Polit\u00e8cnica de Val\u00e8ncia, Spain.<\/span><\/p><p><b style=\"font-style: inherit; text-align: justify;\"><span lang=\"ES-MX\" style=\"font-family: Montserrat;\">2025 <\/span><\/b>PECDA (Programa de Est\u00edmulo a la Creaci\u00f3n y Desarrollo Art\u00edstico) Morelos 2025 Proyecto T\u00f3tem Colmena otorgado por la Secretar\u00eda de Cultura de M\u00e9xico.<\/p><p style=\"text-align: justify;\"><b><span lang=\"ES-MX\" style=\"font-family: Montserrat;\">2025 <\/span><\/b>- Beca de estudios de posgrado en el extranjero CONAHCYT (Consejo Nacional de Ciencia y Tecnolog\u00eda, M\u00e9xico) Doctorado en Arte: Producci\u00f3n e Investigaci\u00f3n, Universidad Polit\u00e9cnica de Valencia.<\/p><p><b style=\"font-style: inherit; text-align: justify;\"><span lang=\"ES-MX\" style=\"font-family: Montserrat;\">2025 <\/span><\/b>Art\u00edculo seleccionado para ponencia, Di\u00e1logos interespecie en un hogar compartido, Congreso Internacional de Humanidades Ecol\u00f3gicas, Universitat Pompeu Fabra, Barcelona, Espa\u00f1a.<\/p><p><b>2025 <\/b>Ponencia: Instituto de Investigaci\u00f3n en Humanidades y Ciencias Sociales UAEM, Di\u00e1logos interespecie entre abejas y humanos.<\/p><p><b>2024 <\/b>Publicaci\u00f3n acad\u00e9mica: Universidad Iberoamericana, Di\u00e1logos interespecie: charlas familiares con las abejas.<\/p><p><b>2023 <\/b>&#8211;\u00a0<span style=\"font-style: inherit; font-weight: inherit; text-align: justify;\">Publicaci\u00f3n en revista Seisma Magazine Arts &amp; Science, Entomology Research, Beehive: Shared Home. pp. 176-177.<br \/>Home, pp. 176\u2013177.<\/span><\/p><p><b>2023 <\/b>&#8211;\u00a0<span style=\"font-style: inherit; font-weight: inherit; text-align: justify;\">Ponencia: \u201cColmena: hogar compartido\u201d. Los procesos detr\u00e1s de construir un cuerpo de obra donde se vinculan y dialogan el arte y la ciencia. Museo de Arte Contempor\u00e1neo Quer\u00e9taro MACQ.<\/span><\/p><p><b>2023 <\/b>&#8211;\u00a0<span style=\"font-style: inherit; font-weight: inherit; text-align: justify;\">Conversatorio: \u201cIntegraci\u00f3n de arte y ciencia en la creaci\u00f3n de obras\u201d. Museo Jard\u00edn Borda.<\/span><\/p><p><b>2023 <\/b>&#8211;\u00a0<span style=\"font-style: inherit; font-weight: inherit; text-align: justify;\">Ponencia: \u201cProceso de Creaci\u00f3n e investigaci\u00f3n del Proyecto Colmena: hogar compartido\u201d Centro Morelense de las Artes.<\/span><\/p><p><b>2023 <\/b>&#8211;\u00a0<span style=\"font-style: inherit; font-weight: inherit; text-align: justify;\">Publicaci\u00f3n: Colmena: hogar compartido. Tesis de Maestr\u00eda en Creaci\u00f3n Art\u00edstica. Centro Morelense de las Artes. Escuela de Investigaci\u00f3n y Posgrado.<\/span><\/p><p><b>2022 <\/b>&#8211; Publication: Revista Plataforma (Faculty of Arts and Design, UNAM \u2013 National Autonomous University of Mexico), Colmena: (auto)retrato [COLMENA: (Self)portrait]. Essay on artistic production and collaborative research with bees, pp. 71\u201383.<\/p><p><b>2019 <\/b>&#8211;\u00a0<span style=\"font-style: inherit; font-weight: inherit; text-align: justify;\">Conversatorio \u201cReinvenci\u00f3n\u201d, sobre la producci\u00f3n art\u00edstica e investigaci\u00f3n sobre la violencia de g\u00e9nero, Museo Morelense de Arte Contempor\u00e1neo MMAC, Cuernavaca, Mor, M\u00e9xico.<\/span><\/p><p><b>2018 <\/b>Publicaci\u00f3n \u201cLa Lucha\u201d realizada con el apoyo de la CMDPDH (Comisi\u00f3n Mexicana de Defensa y Promoci\u00f3n de los Derechos Humanos). Investigaci\u00f3n y producci\u00f3n de obra sobre el desplazamiento forzado interno en M\u00e9xico.<\/p>\t\t\t\t\t\t\t\t<\/div>\n\t\t\t\t<div class=\"elementor-element elementor-element-ca78f3d elementor-widget elementor-widget-text-editor\" data-id=\"ca78f3d\" data-element_type=\"widget\" data-e-type=\"widget\" data-widget_type=\"text-editor.default\">\n\t\t\t\t\t\t\t\t\t<h5>EXPOSICIONES INDIVIDUALES<\/h5><p class=\"MsoNormal\" style=\"text-align: justify;\"><b><span lang=\"ES-MX\" style=\"font-family: Montserrat;\">2025<\/span><\/b><span lang=\"ES-MX\" style=\"font-family: Montserrat;\"> \u201cLa Colmena: mi otro hogar\u201d Galer\u00eda Polivalente de la Universidad de Guanajuato, Gto, M\u00e9xico.<\/span><\/p><p><b>2025<\/b> \u201cEl canto de la abeja reina\u201d Museo Morelense de Arte Contempor\u00e1neo MMAC, Cuernavaca, Mor, M\u00e9xico.<\/p><p><b>2025<\/b> \u201cColmena: hogar compartido\u201d Galer\u00eda ITESO Guadalajara, Jalisco, M\u00e9xico.<\/p><p><b>2024<\/b> \u201cRehabitar la Colmena\u201d Galer\u00eda Christian Jean, Universidad Ibero de Le\u00f3n Gto, M\u00e9xico.<\/p><p><b>2023<\/b> \u201cCOLMENA: hogar compartido\u201d Museo Jard\u00edn Borda, Cuernavaca, Mor, M\u00e9xico.<\/p><p><b>2023<\/b> \u201cCOLMENA: hogar compartido\u201d Galer\u00eda Centro Morelense de las Artes, Cuernavaca, Mor.<\/p><p><b>2023 <\/b>\u201cCOLMENA: hogar compartido\u201d Museo de Arte Contempor\u00e1neo Quer\u00e9taro<\/p><p><b>2020 <\/b>\u201cReinvenci\u00f3n\u201d Museo de Arte Ind\u00edgena Contempor\u00e1neo, Cuernavaca Mor, M\u00e9xico.<\/p><p><b>2020 <\/b>\u201cFragmentos de mi reinvenci\u00f3n\u201d Museo de la Ciudad, Cuernavaca, Mor, M\u00e9xico.<\/p><p><b>2018 <\/b>\u201cLa Lucha\u201d Museo de la Ciudad de Cuernavaca, Mor, M\u00e9xico.<\/p><p><b>2013 <\/b>\u201cLos Deseos de Morelos\u201d Museo de la Ciudad de Cuernavaca, Mor, M\u00e9xico.<\/p><p><b>2010 <\/b>\u201cPerspectiva de los sentimientos\u201d, Cuernavaca, Mor. M\u00e9xico.<\/p>\t\t\t\t\t\t\t\t<\/div>\n\t\t\t\t<div class=\"elementor-element elementor-element-2378331 elementor-widget elementor-widget-text-editor\" data-id=\"2378331\" data-element_type=\"widget\" data-e-type=\"widget\" data-widget_type=\"text-editor.default\">\n\t\t\t\t\t\t\t\t\t<h5>EXPOSICIONES COLECTIVAS<\/h5><p><b>2025 <\/b>\u201cSal\u00f3n Acme\u201d General Prim, CDMX, M\u00e9xico.\u00a0<\/p><p><b>2025 <\/b>\u201cNos toca ser el asteroide\u201d, La Tallera, Cuernavaca, Mor, M\u00e9xico.<\/p><p><b>2024 <\/b>\u201cSalerosiak\u201d Bastero Kulturgunea, Andoain, Espa\u00f1a.\u00a0<\/p><p><b>2023 <\/b>\u201cGastron\u00f3mica\u201d Museo Morelense de Arte Contempor\u00e1neo MMAC, Mor, M\u00e9xico.<\/p><p><b>2023 <\/b>\u201cIm\u00e1genes Fugitivas\u201d Casa Chihuahua, Chihuahua, M\u00e9xico.<\/p><p><b>2023 <\/b>Compartir mundos\u201d Centro Morelense de las Artes, Cuernavaca, Mor, M\u00e9xico.<\/p><p><b>2022 <\/b>\u201cDaVinci\u201d MAQRO Museo de Arte de Quer\u00e9taro, Quer\u00e9taro, M\u00e9xico.<\/p><p><b>2022 <\/b>\u201cTraficadas\u201d Mieres Centro Cultural, Asturias, Espa\u00f1a.<\/p><p><b>2021 <\/b>\u201cIm\u00e1genes Fugitivas\u201d Museo de la Revoluci\u00f3n de la Frontera, Ciudad Ju\u00e1rez, Chih, M\u00e9xico.\u00a0<\/p><p><b>2021 <\/b>\u201cEmpoderarte\u201d Mieres Centro Cultural, Asturias, Espa\u00f1a.\u00a0<\/p><p><b>2020 <\/b>\u201cBrujas\u201d Palacio Aramburu, Tolosa, Espa\u00f1a.\u00a0<\/p><p><b>2019 <\/b>\u201cSorginak\u201d Museo de Arte e Historia de Durango, Durango, Espa\u00f1a. \u201cSorginak\u201d Museo de Arte e Historia de Durango, Durango, Espa\u00f1a.\u00a0<\/p><p><b>2014 <\/b>\u201cInternational Exhibition\u201d Caelum Gallery, New York, E.U.A.\u00a0<\/p><p><b>2014 <\/b>\u201cCrom\u00e1tica III Bienal De Pintura Joven\u201d Fundaci\u00f3n Cum Laude, Ourense, Espa\u00f1a.\u00a0<\/p><p><b>2013 <\/b>\u201cSAMAC\u201d Museo de la Ciudad de Cuernavaca, M\u00e9xico.\u00a0<\/p><p><b>2013 <\/b>\u201cEl Color se mueve\u201d Museo Alfredo Guati Rojo, Edo de M\u00e9xico, M\u00e9xico.\u00a0<\/p><p><b>2012 <\/b>\u201cXIV Sal\u00f3n\u201d Museo Jard\u00edn Borda, Cuernavaca, Mor, M\u00e9xico.<\/p>\t\t\t\t\t\t\t\t<\/div>\n\t\t\t\t<\/div>\n\t\t\t\t<\/div>\n\t\t\t\t<\/div>\n\t\t<div class=\"elementor-element elementor-element-ec7f8ff e-flex e-con-boxed e-con e-parent\" data-id=\"ec7f8ff\" data-element_type=\"container\" data-e-type=\"container\">\n\t\t\t\t\t<div class=\"e-con-inner\">\n\t\t\t\t\t<\/div>\n\t\t\t\t<\/div>\n\t\t<div class=\"elementor-element elementor-element-8292e84 e-flex e-con-boxed e-con e-parent\" data-id=\"8292e84\" data-element_type=\"container\" data-e-type=\"container\">\n\t\t\t\t\t<div class=\"e-con-inner\">\n\t\t\t\t\t<\/div>\n\t\t\t\t<\/div>\n\t\t\t\t<\/div>","protected":false},"excerpt":{"rendered":"<p>ORCID: 0009-0007-6454-0961 Transdisciplinary creator, researcher, and lecturer whose practice interweaves art, beekeeping, and the ecological humanities. She is currently a PhD candidate in Art: Production and Research at the Universitat Polit\u00e8cnica de Val\u00e8ncia, supported by the CONAHCYT grant. She holds a Master\u2019s degree in Artistic Creation from the Centro Morelense de las Artes and a [&hellip;]<\/p>","protected":false},"author":1,"featured_media":0,"parent":0,"menu_order":0,"comment_status":"closed","ping_status":"closed","template":"","meta":{"site-sidebar-layout":"no-sidebar","site-content-layout":"page-builder","ast-site-content-layout":"full-width-container","site-content-style":"unboxed","site-sidebar-style":"unboxed","ast-global-header-display":"","ast-banner-title-visibility":"","ast-main-header-display":"","ast-hfb-above-header-display":"","ast-hfb-below-header-display":"","ast-hfb-mobile-header-display":"","site-post-title":"disabled","ast-breadcrumbs-content":"","ast-featured-img":"disabled","footer-sml-layout":"","ast-disable-related-posts":"","theme-transparent-header-meta":"","adv-header-id-meta":"","stick-header-meta":"","header-above-stick-meta":"","header-main-stick-meta":"","header-below-stick-meta":"","astra-migrate-meta-layouts":"set","ast-page-background-enabled":"default","ast-page-background-meta":{"desktop":{"background-color":"","background-image":"","background-repeat":"repeat","background-position":"center center","background-size":"auto","background-attachment":"scroll","background-type":"","background-media":"","overlay-type":"","overlay-color":"","overlay-opacity":"","overlay-gradient":""},"tablet":{"background-color":"","background-image":"","background-repeat":"repeat","background-position":"center center","background-size":"auto","background-attachment":"scroll","background-type":"","background-media":"","overlay-type":"","overlay-color":"","overlay-opacity":"","overlay-gradient":""},"mobile":{"background-color":"","background-image":"","background-repeat":"repeat","background-position":"center center","background-size":"auto","background-attachment":"scroll","background-type":"","background-media":"","overlay-type":"","overlay-color":"","overlay-opacity":"","overlay-gradient":""}},"ast-content-background-meta":{"desktop":{"background-color":"var(--ast-global-color-5)","background-image":"","background-repeat":"repeat","background-position":"center center","background-size":"auto","background-attachment":"scroll","background-type":"","background-media":"","overlay-type":"","overlay-color":"","overlay-opacity":"","overlay-gradient":""},"tablet":{"background-color":"var(--ast-global-color-5)","background-image":"","background-repeat":"repeat","background-position":"center center","background-size":"auto","background-attachment":"scroll","background-type":"","background-media":"","overlay-type":"","overlay-color":"","overlay-opacity":"","overlay-gradient":""},"mobile":{"background-color":"var(--ast-global-color-5)","background-image":"","background-repeat":"repeat","background-position":"center center","background-size":"auto","background-attachment":"scroll","background-type":"","background-media":"","overlay-type":"","overlay-color":"","overlay-opacity":"","overlay-gradient":""}},"footnotes":""},"class_list":["post-591","page","type-page","status-publish","hentry"],"yoast_head":"<!-- This site is optimized with the Yoast SEO plugin v27.4 - https:\/\/yoast.com\/product\/yoast-seo-wordpress\/ -->\n<title>Bio - artista contempor\u00e1nea mexicana arte interespecie<\/title>\n<meta name=\"description\" content=\"Contemporary Mexican artist creating ecological paintings, sculptures, and interspecies artworks exploring identity, nature, and living systems.\" \/>\n<meta name=\"robots\" content=\"index, follow, max-snippet:-1, max-image-preview:large, max-video-preview:-1\" \/>\n<link rel=\"canonical\" href=\"https:\/\/deisolbi.com\/esp\/bio\/\" \/>\n<meta property=\"og:locale\" content=\"es_MX\" \/>\n<meta property=\"og:type\" content=\"article\" \/>\n<meta property=\"og:title\" content=\"Bio - artista contempor\u00e1nea mexicana arte interespecie\" \/>\n<meta property=\"og:description\" content=\"Contemporary Mexican artist creating ecological paintings, sculptures, and interspecies artworks exploring identity, nature, and living systems.\" \/>\n<meta property=\"og:url\" content=\"https:\/\/deisolbi.com\/esp\/bio\/\" \/>\n<meta property=\"og:site_name\" content=\"GABY DEISOLBI\" \/>\n<meta property=\"article:modified_time\" content=\"2026-02-10T19:17:06+00:00\" \/>\n<meta name=\"twitter:card\" content=\"summary_large_image\" \/>\n<meta name=\"twitter:label1\" content=\"Tiempo de lectura\" \/>\n\t<meta name=\"twitter:data1\" content=\"6 minutos\" \/>\n<script type=\"application\/ld+json\" class=\"yoast-schema-graph\">{\"@context\":\"https:\\\/\\\/schema.org\",\"@graph\":[{\"@type\":\"WebPage\",\"@id\":\"https:\\\/\\\/deisolbi.com\\\/bio\\\/\",\"url\":\"https:\\\/\\\/deisolbi.com\\\/bio\\\/\",\"name\":\"Bio - artista contempor\u00e1nea mexicana arte interespecie\",\"isPartOf\":{\"@id\":\"https:\\\/\\\/deisolbi.com\\\/#website\"},\"datePublished\":\"2025-07-23T17:48:27+00:00\",\"dateModified\":\"2026-02-10T19:17:06+00:00\",\"description\":\"Contemporary Mexican artist creating ecological paintings, sculptures, and interspecies artworks exploring identity, nature, and living systems.\",\"breadcrumb\":{\"@id\":\"https:\\\/\\\/deisolbi.com\\\/bio\\\/#breadcrumb\"},\"inLanguage\":\"es\",\"potentialAction\":[{\"@type\":\"ReadAction\",\"target\":[\"https:\\\/\\\/deisolbi.com\\\/bio\\\/\"]}]},{\"@type\":\"BreadcrumbList\",\"@id\":\"https:\\\/\\\/deisolbi.com\\\/bio\\\/#breadcrumb\",\"itemListElement\":[{\"@type\":\"ListItem\",\"position\":1,\"name\":\"Inicio\",\"item\":\"https:\\\/\\\/deisolbi.com\\\/\"},{\"@type\":\"ListItem\",\"position\":2,\"name\":\"Bio\"}]},{\"@type\":\"WebSite\",\"@id\":\"https:\\\/\\\/deisolbi.com\\\/#website\",\"url\":\"https:\\\/\\\/deisolbi.com\\\/\",\"name\":\"GABY DEISOLBI\",\"description\":\"Gaby Deisolbi - Artist &amp; Researcher\",\"publisher\":{\"@id\":\"https:\\\/\\\/deisolbi.com\\\/#\\\/schema\\\/person\\\/868317e84230531bda344c4ea85be80d\"},\"potentialAction\":[{\"@type\":\"SearchAction\",\"target\":{\"@type\":\"EntryPoint\",\"urlTemplate\":\"https:\\\/\\\/deisolbi.com\\\/?s={search_term_string}\"},\"query-input\":{\"@type\":\"PropertyValueSpecification\",\"valueRequired\":true,\"valueName\":\"search_term_string\"}}],\"inLanguage\":\"es\"},{\"@type\":[\"Person\",\"Organization\"],\"@id\":\"https:\\\/\\\/deisolbi.com\\\/#\\\/schema\\\/person\\\/868317e84230531bda344c4ea85be80d\",\"name\":\"beehappymex@gmail.com\",\"image\":{\"@type\":\"ImageObject\",\"inLanguage\":\"es\",\"@id\":\"https:\\\/\\\/deisolbi.com\\\/wp-content\\\/uploads\\\/2026\\\/01\\\/deisolbi-gaby-.jpg\",\"url\":\"https:\\\/\\\/deisolbi.com\\\/wp-content\\\/uploads\\\/2026\\\/01\\\/deisolbi-gaby-.jpg\",\"contentUrl\":\"https:\\\/\\\/deisolbi.com\\\/wp-content\\\/uploads\\\/2026\\\/01\\\/deisolbi-gaby-.jpg\",\"width\":1120,\"height\":747,\"caption\":\"beehappymex@gmail.com\"},\"logo\":{\"@id\":\"https:\\\/\\\/deisolbi.com\\\/wp-content\\\/uploads\\\/2026\\\/01\\\/deisolbi-gaby-.jpg\"},\"sameAs\":[\"https:\\\/\\\/deisolbi.com\"]}]}<\/script>\n<!-- \/ Yoast SEO plugin. -->","yoast_head_json":{"title":"Bio - artista contempor\u00e1nea mexicana arte interespecie","description":"Contemporary Mexican artist creating ecological paintings, sculptures, and interspecies artworks exploring identity, nature, and living systems.","robots":{"index":"index","follow":"follow","max-snippet":"max-snippet:-1","max-image-preview":"max-image-preview:large","max-video-preview":"max-video-preview:-1"},"canonical":"https:\/\/deisolbi.com\/esp\/bio\/","og_locale":"es_MX","og_type":"article","og_title":"Bio - artista contempor\u00e1nea mexicana arte interespecie","og_description":"Contemporary Mexican artist creating ecological paintings, sculptures, and interspecies artworks exploring identity, nature, and living systems.","og_url":"https:\/\/deisolbi.com\/esp\/bio\/","og_site_name":"GABY DEISOLBI","article_modified_time":"2026-02-10T19:17:06+00:00","twitter_card":"summary_large_image","twitter_misc":{"Tiempo de lectura":"6 minutos"},"schema":{"@context":"https:\/\/schema.org","@graph":[{"@type":"WebPage","@id":"https:\/\/deisolbi.com\/bio\/","url":"https:\/\/deisolbi.com\/bio\/","name":"Bio - artista contempor\u00e1nea mexicana arte interespecie","isPartOf":{"@id":"https:\/\/deisolbi.com\/#website"},"datePublished":"2025-07-23T17:48:27+00:00","dateModified":"2026-02-10T19:17:06+00:00","description":"Contemporary Mexican artist creating ecological paintings, sculptures, and interspecies artworks exploring identity, nature, and living systems.","breadcrumb":{"@id":"https:\/\/deisolbi.com\/bio\/#breadcrumb"},"inLanguage":"es","potentialAction":[{"@type":"ReadAction","target":["https:\/\/deisolbi.com\/bio\/"]}]},{"@type":"BreadcrumbList","@id":"https:\/\/deisolbi.com\/bio\/#breadcrumb","itemListElement":[{"@type":"ListItem","position":1,"name":"Inicio","item":"https:\/\/deisolbi.com\/"},{"@type":"ListItem","position":2,"name":"Bio"}]},{"@type":"WebSite","@id":"https:\/\/deisolbi.com\/#website","url":"https:\/\/deisolbi.com\/","name":"GABY DEISOLBI","description":"Gaby Deisolbi - Artist &amp; Researcher","publisher":{"@id":"https:\/\/deisolbi.com\/#\/schema\/person\/868317e84230531bda344c4ea85be80d"},"potentialAction":[{"@type":"SearchAction","target":{"@type":"EntryPoint","urlTemplate":"https:\/\/deisolbi.com\/?s={search_term_string}"},"query-input":{"@type":"PropertyValueSpecification","valueRequired":true,"valueName":"search_term_string"}}],"inLanguage":"es"},{"@type":["Person","Organization"],"@id":"https:\/\/deisolbi.com\/#\/schema\/person\/868317e84230531bda344c4ea85be80d","name":"beehappymex@gmail.com","image":{"@type":"ImageObject","inLanguage":"es","@id":"https:\/\/deisolbi.com\/wp-content\/uploads\/2026\/01\/deisolbi-gaby-.jpg","url":"https:\/\/deisolbi.com\/wp-content\/uploads\/2026\/01\/deisolbi-gaby-.jpg","contentUrl":"https:\/\/deisolbi.com\/wp-content\/uploads\/2026\/01\/deisolbi-gaby-.jpg","width":1120,"height":747,"caption":"beehappymex@gmail.com"},"logo":{"@id":"https:\/\/deisolbi.com\/wp-content\/uploads\/2026\/01\/deisolbi-gaby-.jpg"},"sameAs":["https:\/\/deisolbi.com"]}]}},"_links":{"self":[{"href":"https:\/\/deisolbi.com\/esp\/wp-json\/wp\/v2\/pages\/591","targetHints":{"allow":["GET"]}}],"collection":[{"href":"https:\/\/deisolbi.com\/esp\/wp-json\/wp\/v2\/pages"}],"about":[{"href":"https:\/\/deisolbi.com\/esp\/wp-json\/wp\/v2\/types\/page"}],"author":[{"embeddable":true,"href":"https:\/\/deisolbi.com\/esp\/wp-json\/wp\/v2\/users\/1"}],"replies":[{"embeddable":true,"href":"https:\/\/deisolbi.com\/esp\/wp-json\/wp\/v2\/comments?post=591"}],"version-history":[{"count":127,"href":"https:\/\/deisolbi.com\/esp\/wp-json\/wp\/v2\/pages\/591\/revisions"}],"predecessor-version":[{"id":2783,"href":"https:\/\/deisolbi.com\/esp\/wp-json\/wp\/v2\/pages\/591\/revisions\/2783"}],"wp:attachment":[{"href":"https:\/\/deisolbi.com\/esp\/wp-json\/wp\/v2\/media?parent=591"}],"curies":[{"name":"wp","href":"https:\/\/api.w.org\/{rel}","templated":true}]}}